{"id":640,"date":"2025-05-21T10:49:50","date_gmt":"2025-05-21T08:49:50","guid":{"rendered":"https:\/\/biholistic.com\/?page_id=640"},"modified":"2025-05-22T10:38:30","modified_gmt":"2025-05-22T08:38:30","slug":"naturopatia-pni-essencial","status":"publish","type":"page","link":"https:\/\/biholistic.com\/?page_id=640","title":{"rendered":"Naturopatia + PNI"},"content":{"rendered":"\n<h1 class=\"wp-block-heading alignfull has-text-align-center\" style=\"margin-top:var(--wp--preset--spacing--60);margin-bottom:var(--wp--preset--spacing--60)\">Naturopatia + PNI<\/h1>\n\n\n\n<div class=\"wp-block-group alignwide has-ast-global-color-5-background-color has-background is-nowrap is-layout-flex wp-container-core-group-is-layout-6c531013 wp-block-group-is-layout-flex\">\n<figure class=\"wp-block-image size-full\"><img loading=\"lazy\" decoding=\"async\" width=\"1707\" height=\"2560\" src=\"https:\/\/biholistic.com\/wp-content\/uploads\/2025\/05\/pexels-tomas-ondrejka-1742133-3307524-scaled.jpg\" alt=\"\" class=\"wp-image-740\" srcset=\"https:\/\/biholistic.com\/wp-content\/uploads\/2025\/05\/pexels-tomas-ondrejka-1742133-3307524-scaled.jpg 1707w, https:\/\/biholistic.com\/wp-content\/uploads\/2025\/05\/pexels-tomas-ondrejka-1742133-3307524-200x300.jpg 200w, https:\/\/biholistic.com\/wp-content\/uploads\/2025\/05\/pexels-tomas-ondrejka-1742133-3307524-683x1024.jpg 683w, https:\/\/biholistic.com\/wp-content\/uploads\/2025\/05\/pexels-tomas-ondrejka-1742133-3307524-768x1152.jpg 768w, https:\/\/biholistic.com\/wp-content\/uploads\/2025\/05\/pexels-tomas-ondrejka-1742133-3307524-1024x1536.jpg 1024w, https:\/\/biholistic.com\/wp-content\/uploads\/2025\/05\/pexels-tomas-ondrejka-1742133-3307524-1365x2048.jpg 1365w\" sizes=\"auto, (max-width: 1707px) 100vw, 1707px\" \/><\/figure>\n\n\n\n<h2 class=\"wp-block-heading has-text-align-center\" style=\"letter-spacing:0.5px;line-height:1.6\">Un programa inicial complet per entendre a fons el teu estat de salut, les causes profundes del teu malestar i rebre un pla personalitzat de salut, h\u00e0bits i possibles complements, elaborat amb cura i visi\u00f3 integrativa per la N\u00faria.<\/h2>\n<\/div>\n\n\n\n<div class=\"wp-block-uagb-container uagb-block-368fc1b0 alignwide uagb-is-root-container\">\n<div class=\"wp-block-uagb-container uagb-block-f14556d8\">\n<div class=\"wp-block-group is-layout-constrained wp-block-group-is-layout-constrained\">\n<h3 class=\"wp-block-heading\">Durada<\/h3>\n<\/div>\n\n\n\n<div class=\"wp-block-group is-layout-constrained wp-block-group-is-layout-constrained\">\n<p><\/p>\n<\/div>\n\n\n\n<div class=\"wp-block-group is-layout-constrained wp-block-group-is-layout-constrained\">\n<h3 class=\"wp-block-heading\">Quan est\u00e0 indicada?<\/h3>\n<\/div>\n\n\n\n<div class=\"wp-block-group is-layout-constrained wp-block-group-is-layout-constrained\">\n<ul class=\"wp-block-list\">\n<li><\/li>\n<\/ul>\n<\/div>\n\n\n\n<div class=\"wp-block-group is-layout-constrained wp-block-group-is-layout-constrained\">\n<h3 class=\"wp-block-heading\">Que no \u00e9s?<\/h3>\n<\/div>\n\n\n\n<div class=\"wp-block-group is-layout-constrained wp-block-group-is-layout-constrained\">\n<ul class=\"wp-block-list\">\n<li><\/li>\n<\/ul>\n<\/div>\n<\/div>\n\n\n\n<div class=\"wp-block-uagb-container uagb-block-e175203f\">\n<div class=\"wp-block-group is-layout-constrained wp-block-group-is-layout-constrained\">\n<h3 class=\"wp-block-heading\">Qu\u00e8 inclou?<\/h3>\n<\/div>\n\n\n\n<div class=\"wp-block-group is-layout-constrained wp-block-group-is-layout-constrained\">\n<ul class=\"wp-block-list\">\n<li><\/li>\n<\/ul>\n<\/div>\n\n\n\n<div class=\"wp-block-group is-layout-constrained wp-block-group-is-layout-constrained\">\n<h3 class=\"wp-block-heading\">Per qu\u00e8 l&#8217;oferim?<\/h3>\n<\/div>\n\n\n\n<div class=\"wp-block-group is-layout-constrained wp-block-group-is-layout-constrained\">\n<p><\/p>\n<\/div>\n\n\n\n<p><strong><mark style=\"background-color:rgba(0, 0, 0, 0)\" class=\"has-inline-color has-ast-global-color-1-color\">Per a m\u00e9s informaci\u00f3, contacteu amb nosaltres.<\/mark><\/strong><\/p>\n<\/div>\n<\/div>\n","protected":false},"excerpt":{"rendered":"<p>Naturopatia + PNI Un programa inicial complet per entendre a fons el teu estat de salut, les causes profundes del [&hellip;]<\/p>\n","protected":false},"author":1,"featured_media":0,"parent":486,"menu_order":0,"comment_status":"closed","ping_status":"closed","template":"","meta":{"_uag_custom_page_level_css":"","site-sidebar-layout":"default","site-content-layout":"","ast-site-content-layout":"","site-content-style":"default","site-sidebar-style":"default","ast-global-header-display":"","ast-banner-title-visibility":"","ast-main-header-display":"","ast-hfb-above-header-display":"","ast-hfb-below-header-display":"","ast-hfb-mobile-header-display":"","site-post-title":"disabled","ast-breadcrumbs-content":"","ast-featured-img":"","footer-sml-layout":"","theme-transparent-header-meta":"","adv-header-id-meta":"","stick-header-meta":"","header-above-stick-meta":"","header-main-stick-meta":"","header-below-stick-meta":"","astra-migrate-meta-layouts":"default","ast-page-background-enabled":"default","ast-page-background-meta":{"desktop":{"background-color":"var(--ast-global-color-5)","background-image":"","background-repeat":"repeat","background-position":"center center","background-size":"auto","background-attachment":"scroll","background-type":"","background-media":"","overlay-type":"","overlay-color":"","overlay-opacity":"","overlay-gradient":""},"tablet":{"background-color":"","background-image":"","background-repeat":"repeat","background-position":"center center","background-size":"auto","background-attachment":"scroll","background-type":"","background-media":"","overlay-type":"","overlay-color":"","overlay-opacity":"","overlay-gradient":""},"mobile":{"background-color":"","background-image":"","background-repeat":"repeat","background-position":"center center","background-size":"auto","background-attachment":"scroll","background-type":"","background-media":"","overlay-type":"","overlay-color":"","overlay-opacity":"","overlay-gradient":""}},"ast-content-background-meta":{"desktop":{"background-color":"var(--ast-global-color-4)","background-image":"","background-repeat":"repeat","background-position":"center center","background-size":"auto","background-attachment":"scroll","background-type":"","background-media":"","overlay-type":"","overlay-color":"","overlay-opacity":"","overlay-gradient":""},"tablet":{"background-color":"var(--ast-global-color-4)","background-image":"","background-repeat":"repeat","background-position":"center center","background-size":"auto","background-attachment":"scroll","background-type":"","background-media":"","overlay-type":"","overlay-color":"","overlay-opacity":"","overlay-gradient":""},"mobile":{"background-color":"var(--ast-global-color-4)","background-image":"","background-repeat":"repeat","background-position":"center center","background-size":"auto","background-attachment":"scroll","background-type":"","background-media":"","overlay-type":"","overlay-color":"","overlay-opacity":"","overlay-gradient":""}},"footnotes":""},"class_list":["post-640","page","type-page","status-publish","hentry"],"yoast_head":"<!-- This site is optimized with the Yoast SEO plugin v25.3.1 - https:\/\/yoast.com\/wordpress\/plugins\/seo\/ -->\n<title>Naturopatia + PNI - Biholistic<\/title>\n<meta name=\"description\" content=\"Naturopatia + PNI Biholistic\" \/>\n<meta name=\"robots\" content=\"index, follow, max-snippet:-1, max-image-preview:large, max-video-preview:-1\" \/>\n<link rel=\"canonical\" href=\"https:\/\/biholistic.com\/?page_id=640\" \/>\n<meta property=\"og:locale\" content=\"ca_ES\" \/>\n<meta property=\"og:type\" content=\"article\" \/>\n<meta property=\"og:title\" content=\"Naturopatia + PNI - Biholistic\" \/>\n<meta property=\"og:description\" content=\"Naturopatia + PNI Biholistic\" \/>\n<meta property=\"og:url\" content=\"https:\/\/biholistic.com\/?page_id=640\" \/>\n<meta property=\"og:site_name\" content=\"Biholistic\" \/>\n<meta property=\"article:modified_time\" content=\"2025-05-22T08:38:30+00:00\" \/>\n<meta property=\"og:image\" content=\"https:\/\/biholistic.com\/wp-content\/uploads\/2025\/05\/pexels-tomas-ondrejka-1742133-3307524-scaled.jpg\" \/>\n\t<meta property=\"og:image:width\" content=\"1707\" \/>\n\t<meta property=\"og:image:height\" content=\"2560\" \/>\n\t<meta property=\"og:image:type\" content=\"image\/jpeg\" \/>\n<meta name=\"twitter:card\" content=\"summary_large_image\" \/>\n<meta name=\"twitter:label1\" content=\"Temps estimat de lectura\" \/>\n\t<meta name=\"twitter:data1\" content=\"1 minut\" \/>\n<script type=\"application\/ld+json\" class=\"yoast-schema-graph\">{\"@context\":\"https:\/\/schema.org\",\"@graph\":[{\"@type\":\"WebPage\",\"@id\":\"https:\/\/biholistic.com\/?page_id=640\",\"url\":\"https:\/\/biholistic.com\/?page_id=640\",\"name\":\"Naturopatia + PNI - Biholistic\",\"isPartOf\":{\"@id\":\"https:\/\/biholistic.com\/#website\"},\"primaryImageOfPage\":{\"@id\":\"https:\/\/biholistic.com\/?page_id=640#primaryimage\"},\"image\":{\"@id\":\"https:\/\/biholistic.com\/?page_id=640#primaryimage\"},\"thumbnailUrl\":\"https:\/\/biholistic.com\/wp-content\/uploads\/2025\/05\/pexels-tomas-ondrejka-1742133-3307524-scaled.jpg\",\"datePublished\":\"2025-05-21T08:49:50+00:00\",\"dateModified\":\"2025-05-22T08:38:30+00:00\",\"description\":\"Naturopatia + PNI Biholistic\",\"breadcrumb\":{\"@id\":\"https:\/\/biholistic.com\/?page_id=640#breadcrumb\"},\"inLanguage\":\"ca\",\"potentialAction\":[{\"@type\":\"ReadAction\",\"target\":[\"https:\/\/biholistic.com\/?page_id=640\"]}]},{\"@type\":\"ImageObject\",\"inLanguage\":\"ca\",\"@id\":\"https:\/\/biholistic.com\/?page_id=640#primaryimage\",\"url\":\"https:\/\/biholistic.com\/wp-content\/uploads\/2025\/05\/pexels-tomas-ondrejka-1742133-3307524-scaled.jpg\",\"contentUrl\":\"https:\/\/biholistic.com\/wp-content\/uploads\/2025\/05\/pexels-tomas-ondrejka-1742133-3307524-scaled.jpg\",\"width\":1707,\"height\":2560},{\"@type\":\"BreadcrumbList\",\"@id\":\"https:\/\/biholistic.com\/?page_id=640#breadcrumb\",\"itemListElement\":[{\"@type\":\"ListItem\",\"position\":1,\"name\":\"Inici\",\"item\":\"https:\/\/biholistic.com\/\"},{\"@type\":\"ListItem\",\"position\":2,\"name\":\"Acompanyament terap\u00e8utic\",\"item\":\"https:\/\/biholistic.com\/?page_id=486\"},{\"@type\":\"ListItem\",\"position\":3,\"name\":\"Naturopatia + PNI\"}]},{\"@type\":\"WebSite\",\"@id\":\"https:\/\/biholistic.com\/#website\",\"url\":\"https:\/\/biholistic.com\/\",\"name\":\"Biholistic\",\"description\":\"Salut i Consci\u00e8ncia\",\"publisher\":{\"@id\":\"https:\/\/biholistic.com\/#organization\"},\"potentialAction\":[{\"@type\":\"SearchAction\",\"target\":{\"@type\":\"EntryPoint\",\"urlTemplate\":\"https:\/\/biholistic.com\/?s={search_term_string}\"},\"query-input\":{\"@type\":\"PropertyValueSpecification\",\"valueRequired\":true,\"valueName\":\"search_term_string\"}}],\"inLanguage\":\"ca\"},{\"@type\":\"Organization\",\"@id\":\"https:\/\/biholistic.com\/#organization\",\"name\":\"Equip Biholistic\",\"url\":\"https:\/\/biholistic.com\/\",\"logo\":{\"@type\":\"ImageObject\",\"inLanguage\":\"ca\",\"@id\":\"https:\/\/biholistic.com\/#\/schema\/logo\/image\/\",\"url\":\"https:\/\/biholistic.com\/wp-content\/uploads\/2025\/05\/cropped-logo_biholistic-2-scaled-1.jpg\",\"contentUrl\":\"https:\/\/biholistic.com\/wp-content\/uploads\/2025\/05\/cropped-logo_biholistic-2-scaled-1.jpg\",\"width\":512,\"height\":512,\"caption\":\"Equip Biholistic\"},\"image\":{\"@id\":\"https:\/\/biholistic.com\/#\/schema\/logo\/image\/\"},\"sameAs\":[\"https:\/\/www.instagram.com\/biholistic\/\"]}]}<\/script>\n<!-- \/ Yoast SEO plugin. -->","yoast_head_json":{"title":"Naturopatia + PNI - Biholistic","description":"Naturopatia + PNI Biholistic","robots":{"index":"index","follow":"follow","max-snippet":"max-snippet:-1","max-image-preview":"max-image-preview:large","max-video-preview":"max-video-preview:-1"},"canonical":"https:\/\/biholistic.com\/?page_id=640","og_locale":"ca_ES","og_type":"article","og_title":"Naturopatia + PNI - Biholistic","og_description":"Naturopatia + PNI Biholistic","og_url":"https:\/\/biholistic.com\/?page_id=640","og_site_name":"Biholistic","article_modified_time":"2025-05-22T08:38:30+00:00","og_image":[{"width":1707,"height":2560,"url":"https:\/\/biholistic.com\/wp-content\/uploads\/2025\/05\/pexels-tomas-ondrejka-1742133-3307524-scaled.jpg","type":"image\/jpeg"}],"twitter_card":"summary_large_image","twitter_misc":{"Temps estimat de lectura":"1 minut"},"schema":{"@context":"https:\/\/schema.org","@graph":[{"@type":"WebPage","@id":"https:\/\/biholistic.com\/?page_id=640","url":"https:\/\/biholistic.com\/?page_id=640","name":"Naturopatia + PNI - Biholistic","isPartOf":{"@id":"https:\/\/biholistic.com\/#website"},"primaryImageOfPage":{"@id":"https:\/\/biholistic.com\/?page_id=640#primaryimage"},"image":{"@id":"https:\/\/biholistic.com\/?page_id=640#primaryimage"},"thumbnailUrl":"https:\/\/biholistic.com\/wp-content\/uploads\/2025\/05\/pexels-tomas-ondrejka-1742133-3307524-scaled.jpg","datePublished":"2025-05-21T08:49:50+00:00","dateModified":"2025-05-22T08:38:30+00:00","description":"Naturopatia + PNI Biholistic","breadcrumb":{"@id":"https:\/\/biholistic.com\/?page_id=640#breadcrumb"},"inLanguage":"ca","potentialAction":[{"@type":"ReadAction","target":["https:\/\/biholistic.com\/?page_id=640"]}]},{"@type":"ImageObject","inLanguage":"ca","@id":"https:\/\/biholistic.com\/?page_id=640#primaryimage","url":"https:\/\/biholistic.com\/wp-content\/uploads\/2025\/05\/pexels-tomas-ondrejka-1742133-3307524-scaled.jpg","contentUrl":"https:\/\/biholistic.com\/wp-content\/uploads\/2025\/05\/pexels-tomas-ondrejka-1742133-3307524-scaled.jpg","width":1707,"height":2560},{"@type":"BreadcrumbList","@id":"https:\/\/biholistic.com\/?page_id=640#breadcrumb","itemListElement":[{"@type":"ListItem","position":1,"name":"Inici","item":"https:\/\/biholistic.com\/"},{"@type":"ListItem","position":2,"name":"Acompanyament terap\u00e8utic","item":"https:\/\/biholistic.com\/?page_id=486"},{"@type":"ListItem","position":3,"name":"Naturopatia + PNI"}]},{"@type":"WebSite","@id":"https:\/\/biholistic.com\/#website","url":"https:\/\/biholistic.com\/","name":"Biholistic","description":"Salut i Consci\u00e8ncia","publisher":{"@id":"https:\/\/biholistic.com\/#organization"},"potentialAction":[{"@type":"SearchAction","target":{"@type":"EntryPoint","urlTemplate":"https:\/\/biholistic.com\/?s={search_term_string}"},"query-input":{"@type":"PropertyValueSpecification","valueRequired":true,"valueName":"search_term_string"}}],"inLanguage":"ca"},{"@type":"Organization","@id":"https:\/\/biholistic.com\/#organization","name":"Equip Biholistic","url":"https:\/\/biholistic.com\/","logo":{"@type":"ImageObject","inLanguage":"ca","@id":"https:\/\/biholistic.com\/#\/schema\/logo\/image\/","url":"https:\/\/biholistic.com\/wp-content\/uploads\/2025\/05\/cropped-logo_biholistic-2-scaled-1.jpg","contentUrl":"https:\/\/biholistic.com\/wp-content\/uploads\/2025\/05\/cropped-logo_biholistic-2-scaled-1.jpg","width":512,"height":512,"caption":"Equip Biholistic"},"image":{"@id":"https:\/\/biholistic.com\/#\/schema\/logo\/image\/"},"sameAs":["https:\/\/www.instagram.com\/biholistic\/"]}]}},"uagb_featured_image_src":{"full":false,"thumbnail":false,"medium":false,"medium_large":false,"large":false,"1536x1536":false,"2048x2048":false},"uagb_author_info":{"display_name":"biholistic.com","author_link":"https:\/\/biholistic.com\/?author=1"},"uagb_comment_info":0,"uagb_excerpt":"Naturopatia + PNI Un programa inicial complet per entendre a fons el teu estat de salut, les causes profundes del [&hellip;]","_links":{"self":[{"href":"https:\/\/biholistic.com\/index.php?rest_route=\/wp\/v2\/pages\/640","targetHints":{"allow":["GET"]}}],"collection":[{"href":"https:\/\/biholistic.com\/index.php?rest_route=\/wp\/v2\/pages"}],"about":[{"href":"https:\/\/biholistic.com\/index.php?rest_route=\/wp\/v2\/types\/page"}],"author":[{"embeddable":true,"href":"https:\/\/biholistic.com\/index.php?rest_route=\/wp\/v2\/users\/1"}],"replies":[{"embeddable":true,"href":"https:\/\/biholistic.com\/index.php?rest_route=%2Fwp%2Fv2%2Fcomments&post=640"}],"version-history":[{"count":6,"href":"https:\/\/biholistic.com\/index.php?rest_route=\/wp\/v2\/pages\/640\/revisions"}],"predecessor-version":[{"id":751,"href":"https:\/\/biholistic.com\/index.php?rest_route=\/wp\/v2\/pages\/640\/revisions\/751"}],"up":[{"embeddable":true,"href":"https:\/\/biholistic.com\/index.php?rest_route=\/wp\/v2\/pages\/486"}],"wp:attachment":[{"href":"https:\/\/biholistic.com\/index.php?rest_route=%2Fwp%2Fv2%2Fmedia&parent=640"}],"curies":[{"name":"wp","href":"https:\/\/api.w.org\/{rel}","templated":true}]}}