{"id":351,"date":"2025-05-09T10:25:17","date_gmt":"2025-05-09T08:25:17","guid":{"rendered":"https:\/\/biholistic.com\/?page_id=351"},"modified":"2025-05-20T15:43:26","modified_gmt":"2025-05-20T13:43:26","slug":"els-nostres-professionals","status":"publish","type":"page","link":"https:\/\/biholistic.com\/?page_id=351","title":{"rendered":"La nostra proposta"},"content":{"rendered":"\n<h1 class=\"wp-block-heading alignfull has-text-align-center\">La nostra proposta<\/h1>\n\n\n\n<div data-aos= \"zoom-out-up\" data-aos-duration=\"400\" data-aos-delay=\"0\" data-aos-easing=\"ease\" data-aos-once=\"true\" class=\"wp-block-uagb-container uagb-block-b57f79cf alignfull uagb-is-root-container\"><div class=\"uagb-container-inner-blocks-wrap\">\n<div class=\"wp-block-group is-layout-constrained wp-block-group-is-layout-constrained\">\n<div class=\"wp-block-group is-layout-constrained wp-block-group-is-layout-constrained\">\n<h3 class=\"wp-block-heading has-text-align-center\"><em>Cada persona \u00e9s \u00fanica, com el seu cam\u00ed cap al benestar.<\/em><\/h3>\n\n\n\n<p class=\"has-text-align-center\">Som en <strong>Joan Marc<\/strong> i la <strong>N\u00faria<\/strong>, terapeutes amb mirades complement\u00e0ries que s\u2019uneixen per acompanyar-te en un proc\u00e9s d\u2019autoconeixement profund i transformador.<\/p>\n\n\n\n<p class=\"has-text-align-center\">En Joan Marc t\u2019acompanya en la gesti\u00f3 emocional i el treball intern.<br>La N\u00faria t\u2019ofereix una visi\u00f3 integrativa a trav\u00e9s de la naturopatia i la psiconeuroimmunologia (PNI).<\/p>\n\n\n\n<p class=\"has-text-align-center\">Creiem en una salut que respecta el ritme natural del cos, de l\u2019\u00e0nima i del moment vital.<br>A <strong>Biholistic<\/strong> t\u2019oferim caminar amb tu cap a la teva versi\u00f3 m\u00e9s conscient, m\u00e9s lliure i m\u00e9s viva.<\/p>\n\n\n\n<p class=\"has-text-align-center\">A Bihol\u00edstic no oferim solucions. Oferim espais on puguis:<\/p>\n\n\n\n<p class=\"has-text-align-center\">&#8211; Tornar a sentir el teu propi ritme vital<\/p>\n\n\n\n<p class=\"has-text-align-center\">&#8211; Recon\u00e8ixer la saviesa del teu cos i emocions<\/p>\n\n\n\n<p class=\"has-text-align-center\">&#8211; Nodrir-te des de l\u2019ess\u00e8ncia, tant per dins com per fora<\/p>\n\n\n\n<p class=\"has-text-align-center\">&#8211; Deixar anar all\u00f2 que et separa de la teva vitalitat natural<\/p>\n\n\n\n<p class=\"has-text-align-center\">Creiem que la veritable cura neix quan deixes de buscar respostes a l\u2019exterior i t\u2019atreveixes a escoltar el teu cos i cor, el teu ser complet.<\/p>\n\n\n\n<p class=\"has-text-align-center\"><strong>El nostre comprom\u00eds?<br><\/strong>Ser el terreny f\u00e8rtil i un mirall on puguis:<\/p>\n\n\n\n<p class=\"has-text-align-center\">&#8211; Arrelar-te en h\u00e0bits que et sustentin<\/p>\n\n\n\n<p class=\"has-text-align-center\">&#8211; Viure amb pres\u00e8ncia des de la teva autenticitat f\u00edsica i emocional<\/p>\n\n\n\n<p class=\"has-text-align-center\">&#8211; Facilitar que puguis collir els fruits d\u2019una salut integral i duradora<\/p>\n\n\n\n<p class=\"has-text-align-center\">I sempre\u2026<br>Respectant els teus temps, sense pressi\u00f3 ni plantilles fixes, perqu\u00e8 el teu proc\u00e9s sigui tan aut\u00e8ntic com tu.<\/p>\n\n\n\n<p class=\"has-text-align-center\">Vols crear aquest espai amb nosaltres?<\/p>\n\n\n\n<p class=\"has-text-align-center\"><strong>Per qu\u00e8 funciona?<br><\/strong>Perqu\u00e8 treballem des de la convicci\u00f3 que:<\/p>\n\n\n\n<p class=\"has-text-align-center\">&#8211; El cos parla: l\u2019alimentaci\u00f3, el moviment i l\u2019equilibri f\u00edsic s\u00f3n part del teu llenguatge intern<\/p>\n\n\n\n<p class=\"has-text-align-center\">&#8211; L\u2019ess\u00e8ncia es manifesta tant en el que menges com en el que sents<\/p>\n\n\n\n<p class=\"has-text-align-center\">&#8211; La transformaci\u00f3 veritable integra tot el que ets: c\u00e8l\u00b7lules, emocions i energia<\/p>\n\n\n\n<p class=\"has-text-align-center\">&#8220;La teva salut \u00e9s un tot. Nosaltres t\u2019ajudem a escoltar-ne totes les parts, sempre al teu ritme.&#8221;<\/p>\n\n\n\n<p class=\"has-text-align-center\">Comen\u00e7a el teu renaixement<\/p>\n\n\n\n<h3 class=\"wp-block-heading has-text-align-center\"><strong><em>La nostra ess\u00e8ncia<\/em><\/strong><\/h3>\n\n\n\n<p class=\"has-text-align-center\">A Bihol\u00edstic, no et tractem. <strong>T&#8217;acompanyem a recordar<\/strong>.<\/p>\n\n\n\n<p class=\"has-text-align-center\">Recordar que la salut veritable \u00e9s un estat natural.<br>Recordar que el benestar neix de sentir-te en pau amb tot el que ets.<br>Recordar que dins teu hi ha tot el que necessites per viure plenament.<\/p>\n\n\n\n<p class=\"has-text-align-center\">El nostre paper? Ser els teus miralls mentre redescobreixes:<\/p>\n\n\n\n<p class=\"has-text-align-center\">&#8211; La teva capacitat innata de sanar<\/p>\n\n\n\n<p class=\"has-text-align-center\">&#8211; La teva saviesa corporal i emocional<\/p>\n\n\n\n<p class=\"has-text-align-center\">&#8211; El teu dret a existir en autenticitat<\/p>\n\n\n\n<p class=\"has-text-align-center\">No et donarem respostes. <strong>Crearem les condicions<\/strong> perqu\u00e8 les trobis dins teu.<\/p>\n<\/div>\n\n\n\n<h4 class=\"wp-block-heading has-text-align-center\"><strong>Comen\u00e7a a sentir-te de nou a casa teva<\/strong><\/h4>\n\n\n\n<div style=\"height:14px\" aria-hidden=\"true\" class=\"wp-block-spacer\"><\/div>\n<\/div>\n\n\n\n<div class=\"wp-block-buttons alignfull is-content-justification-center is-layout-flex wp-container-core-buttons-is-layout-a89b3969 wp-block-buttons-is-layout-flex\">\n<div class=\"wp-block-button\"><a class=\"wp-block-button__link wp-element-button\" href=\"https:\/\/biholistic.com\/?page_id=220\">Vull saber m\u00e9s<\/a><\/div>\n<\/div>\n<\/div><\/div>\n\n\n\n<div style=\"height:18px\" aria-hidden=\"true\" class=\"wp-block-spacer\"><\/div>\n\n\n\n<p><\/p>\n","protected":false},"excerpt":{"rendered":"<p>La nostra proposta Cada persona \u00e9s \u00fanica, com el seu cam\u00ed cap al benestar. Som en Joan Marc i la [&hellip;]<\/p>\n","protected":false},"author":1,"featured_media":0,"parent":0,"menu_order":0,"comment_status":"closed","ping_status":"closed","template":"","meta":{"_uag_custom_page_level_css":"","site-sidebar-layout":"default","site-content-layout":"","ast-site-content-layout":"","site-content-style":"default","site-sidebar-style":"default","ast-global-header-display":"","ast-banner-title-visibility":"","ast-main-header-display":"","ast-hfb-above-header-display":"","ast-hfb-below-header-display":"","ast-hfb-mobile-header-display":"","site-post-title":"disabled","ast-breadcrumbs-content":"","ast-featured-img":"","footer-sml-layout":"","theme-transparent-header-meta":"","adv-header-id-meta":"","stick-header-meta":"","header-above-stick-meta":"","header-main-stick-meta":"","header-below-stick-meta":"","astra-migrate-meta-layouts":"default","ast-page-background-enabled":"default","ast-page-background-meta":{"desktop":{"background-color":"var(--ast-global-color-5)","background-image":"","background-repeat":"repeat","background-position":"center center","background-size":"auto","background-attachment":"scroll","background-type":"","background-media":"","overlay-type":"","overlay-color":"","overlay-opacity":"","overlay-gradient":""},"tablet":{"background-color":"","background-image":"","background-repeat":"repeat","background-position":"center center","background-size":"auto","background-attachment":"scroll","background-type":"","background-media":"","overlay-type":"","overlay-color":"","overlay-opacity":"","overlay-gradient":""},"mobile":{"background-color":"","background-image":"","background-repeat":"repeat","background-position":"center center","background-size":"auto","background-attachment":"scroll","background-type":"","background-media":"","overlay-type":"","overlay-color":"","overlay-opacity":"","overlay-gradient":""}},"ast-content-background-meta":{"desktop":{"background-color":"var(--ast-global-color-4)","background-image":"","background-repeat":"repeat","background-position":"center center","background-size":"auto","background-attachment":"scroll","background-type":"","background-media":"","overlay-type":"","overlay-color":"","overlay-opacity":"","overlay-gradient":""},"tablet":{"background-color":"var(--ast-global-color-4)","background-image":"","background-repeat":"repeat","background-position":"center center","background-size":"auto","background-attachment":"scroll","background-type":"","background-media":"","overlay-type":"","overlay-color":"","overlay-opacity":"","overlay-gradient":""},"mobile":{"background-color":"var(--ast-global-color-4)","background-image":"","background-repeat":"repeat","background-position":"center center","background-size":"auto","background-attachment":"scroll","background-type":"","background-media":"","overlay-type":"","overlay-color":"","overlay-opacity":"","overlay-gradient":""}},"footnotes":""},"class_list":["post-351","page","type-page","status-publish","hentry"],"yoast_head":"<!-- This site is optimized with the Yoast SEO plugin v25.3.1 - https:\/\/yoast.com\/wordpress\/plugins\/seo\/ -->\n<title>La nostra proposta - Biholistic<\/title>\n<meta name=\"description\" content=\"La nostra proposta Biholistic\" \/>\n<meta name=\"robots\" content=\"index, follow, max-snippet:-1, max-image-preview:large, max-video-preview:-1\" \/>\n<link rel=\"canonical\" href=\"https:\/\/biholistic.com\/?page_id=351\" \/>\n<meta property=\"og:locale\" content=\"ca_ES\" \/>\n<meta property=\"og:type\" content=\"article\" \/>\n<meta property=\"og:title\" content=\"La nostra proposta - Biholistic\" \/>\n<meta property=\"og:description\" content=\"La nostra proposta Biholistic\" \/>\n<meta property=\"og:url\" content=\"https:\/\/biholistic.com\/?page_id=351\" \/>\n<meta property=\"og:site_name\" content=\"Biholistic\" \/>\n<meta property=\"article:modified_time\" content=\"2025-05-20T13:43:26+00:00\" \/>\n<meta property=\"og:image\" content=\"https:\/\/biholistic.com\/wp-content\/uploads\/2025\/05\/cropped-logo_biholistic-2-scaled-1.jpg\" \/>\n\t<meta property=\"og:image:width\" content=\"512\" \/>\n\t<meta property=\"og:image:height\" content=\"512\" \/>\n\t<meta property=\"og:image:type\" content=\"image\/jpeg\" \/>\n<meta name=\"twitter:card\" content=\"summary_large_image\" \/>\n<meta name=\"twitter:label1\" content=\"Temps estimat de lectura\" \/>\n\t<meta name=\"twitter:data1\" content=\"2 minuts\" \/>\n<script type=\"application\/ld+json\" class=\"yoast-schema-graph\">{\"@context\":\"https:\/\/schema.org\",\"@graph\":[{\"@type\":\"WebPage\",\"@id\":\"https:\/\/biholistic.com\/?page_id=351\",\"url\":\"https:\/\/biholistic.com\/?page_id=351\",\"name\":\"La nostra proposta - Biholistic\",\"isPartOf\":{\"@id\":\"https:\/\/biholistic.com\/#website\"},\"datePublished\":\"2025-05-09T08:25:17+00:00\",\"dateModified\":\"2025-05-20T13:43:26+00:00\",\"description\":\"La nostra proposta Biholistic\",\"breadcrumb\":{\"@id\":\"https:\/\/biholistic.com\/?page_id=351#breadcrumb\"},\"inLanguage\":\"ca\",\"potentialAction\":[{\"@type\":\"ReadAction\",\"target\":[\"https:\/\/biholistic.com\/?page_id=351\"]}]},{\"@type\":\"BreadcrumbList\",\"@id\":\"https:\/\/biholistic.com\/?page_id=351#breadcrumb\",\"itemListElement\":[{\"@type\":\"ListItem\",\"position\":1,\"name\":\"Inici\",\"item\":\"https:\/\/biholistic.com\/\"},{\"@type\":\"ListItem\",\"position\":2,\"name\":\"La nostra proposta\"}]},{\"@type\":\"WebSite\",\"@id\":\"https:\/\/biholistic.com\/#website\",\"url\":\"https:\/\/biholistic.com\/\",\"name\":\"Biholistic\",\"description\":\"Salut i Consci\u00e8ncia\",\"publisher\":{\"@id\":\"https:\/\/biholistic.com\/#organization\"},\"potentialAction\":[{\"@type\":\"SearchAction\",\"target\":{\"@type\":\"EntryPoint\",\"urlTemplate\":\"https:\/\/biholistic.com\/?s={search_term_string}\"},\"query-input\":{\"@type\":\"PropertyValueSpecification\",\"valueRequired\":true,\"valueName\":\"search_term_string\"}}],\"inLanguage\":\"ca\"},{\"@type\":\"Organization\",\"@id\":\"https:\/\/biholistic.com\/#organization\",\"name\":\"Equip Biholistic\",\"url\":\"https:\/\/biholistic.com\/\",\"logo\":{\"@type\":\"ImageObject\",\"inLanguage\":\"ca\",\"@id\":\"https:\/\/biholistic.com\/#\/schema\/logo\/image\/\",\"url\":\"https:\/\/biholistic.com\/wp-content\/uploads\/2025\/05\/cropped-logo_biholistic-2-scaled-1.jpg\",\"contentUrl\":\"https:\/\/biholistic.com\/wp-content\/uploads\/2025\/05\/cropped-logo_biholistic-2-scaled-1.jpg\",\"width\":512,\"height\":512,\"caption\":\"Equip Biholistic\"},\"image\":{\"@id\":\"https:\/\/biholistic.com\/#\/schema\/logo\/image\/\"},\"sameAs\":[\"https:\/\/www.instagram.com\/biholistic\/\"]}]}<\/script>\n<!-- \/ Yoast SEO plugin. -->","yoast_head_json":{"title":"La nostra proposta - Biholistic","description":"La nostra proposta Biholistic","robots":{"index":"index","follow":"follow","max-snippet":"max-snippet:-1","max-image-preview":"max-image-preview:large","max-video-preview":"max-video-preview:-1"},"canonical":"https:\/\/biholistic.com\/?page_id=351","og_locale":"ca_ES","og_type":"article","og_title":"La nostra proposta - Biholistic","og_description":"La nostra proposta Biholistic","og_url":"https:\/\/biholistic.com\/?page_id=351","og_site_name":"Biholistic","article_modified_time":"2025-05-20T13:43:26+00:00","og_image":[{"width":512,"height":512,"url":"https:\/\/biholistic.com\/wp-content\/uploads\/2025\/05\/cropped-logo_biholistic-2-scaled-1.jpg","type":"image\/jpeg"}],"twitter_card":"summary_large_image","twitter_misc":{"Temps estimat de lectura":"2 minuts"},"schema":{"@context":"https:\/\/schema.org","@graph":[{"@type":"WebPage","@id":"https:\/\/biholistic.com\/?page_id=351","url":"https:\/\/biholistic.com\/?page_id=351","name":"La nostra proposta - Biholistic","isPartOf":{"@id":"https:\/\/biholistic.com\/#website"},"datePublished":"2025-05-09T08:25:17+00:00","dateModified":"2025-05-20T13:43:26+00:00","description":"La nostra proposta Biholistic","breadcrumb":{"@id":"https:\/\/biholistic.com\/?page_id=351#breadcrumb"},"inLanguage":"ca","potentialAction":[{"@type":"ReadAction","target":["https:\/\/biholistic.com\/?page_id=351"]}]},{"@type":"BreadcrumbList","@id":"https:\/\/biholistic.com\/?page_id=351#breadcrumb","itemListElement":[{"@type":"ListItem","position":1,"name":"Inici","item":"https:\/\/biholistic.com\/"},{"@type":"ListItem","position":2,"name":"La nostra proposta"}]},{"@type":"WebSite","@id":"https:\/\/biholistic.com\/#website","url":"https:\/\/biholistic.com\/","name":"Biholistic","description":"Salut i Consci\u00e8ncia","publisher":{"@id":"https:\/\/biholistic.com\/#organization"},"potentialAction":[{"@type":"SearchAction","target":{"@type":"EntryPoint","urlTemplate":"https:\/\/biholistic.com\/?s={search_term_string}"},"query-input":{"@type":"PropertyValueSpecification","valueRequired":true,"valueName":"search_term_string"}}],"inLanguage":"ca"},{"@type":"Organization","@id":"https:\/\/biholistic.com\/#organization","name":"Equip Biholistic","url":"https:\/\/biholistic.com\/","logo":{"@type":"ImageObject","inLanguage":"ca","@id":"https:\/\/biholistic.com\/#\/schema\/logo\/image\/","url":"https:\/\/biholistic.com\/wp-content\/uploads\/2025\/05\/cropped-logo_biholistic-2-scaled-1.jpg","contentUrl":"https:\/\/biholistic.com\/wp-content\/uploads\/2025\/05\/cropped-logo_biholistic-2-scaled-1.jpg","width":512,"height":512,"caption":"Equip Biholistic"},"image":{"@id":"https:\/\/biholistic.com\/#\/schema\/logo\/image\/"},"sameAs":["https:\/\/www.instagram.com\/biholistic\/"]}]}},"uagb_featured_image_src":{"full":false,"thumbnail":false,"medium":false,"medium_large":false,"large":false,"1536x1536":false,"2048x2048":false},"uagb_author_info":{"display_name":"biholistic.com","author_link":"https:\/\/biholistic.com\/?author=1"},"uagb_comment_info":0,"uagb_excerpt":"La nostra proposta Cada persona \u00e9s \u00fanica, com el seu cam\u00ed cap al benestar. Som en Joan Marc i la [&hellip;]","_links":{"self":[{"href":"https:\/\/biholistic.com\/index.php?rest_route=\/wp\/v2\/pages\/351","targetHints":{"allow":["GET"]}}],"collection":[{"href":"https:\/\/biholistic.com\/index.php?rest_route=\/wp\/v2\/pages"}],"about":[{"href":"https:\/\/biholistic.com\/index.php?rest_route=\/wp\/v2\/types\/page"}],"author":[{"embeddable":true,"href":"https:\/\/biholistic.com\/index.php?rest_route=\/wp\/v2\/users\/1"}],"replies":[{"embeddable":true,"href":"https:\/\/biholistic.com\/index.php?rest_route=%2Fwp%2Fv2%2Fcomments&post=351"}],"version-history":[{"count":16,"href":"https:\/\/biholistic.com\/index.php?rest_route=\/wp\/v2\/pages\/351\/revisions"}],"predecessor-version":[{"id":465,"href":"https:\/\/biholistic.com\/index.php?rest_route=\/wp\/v2\/pages\/351\/revisions\/465"}],"wp:attachment":[{"href":"https:\/\/biholistic.com\/index.php?rest_route=%2Fwp%2Fv2%2Fmedia&parent=351"}],"curies":[{"name":"wp","href":"https:\/\/api.w.org\/{rel}","templated":true}]}}