{"id":232,"date":"2025-05-08T21:11:16","date_gmt":"2025-05-08T19:11:16","guid":{"rendered":"https:\/\/biholistic.com\/?page_id=232"},"modified":"2025-05-22T11:01:08","modified_gmt":"2025-05-22T09:01:08","slug":"biholistic-salut-i-consiencia","status":"publish","type":"page","link":"https:\/\/biholistic.com\/","title":{"rendered":"Biholistic"},"content":{"rendered":"\n<figure class=\"wp-block-video alignfull\"><video height=\"1080\" style=\"aspect-ratio: 1922 \/ 1080;\" width=\"1922\" autoplay loop muted src=\"https:\/\/biholistic.com\/wp-content\/uploads\/2025\/05\/5644241-hd_1922_1080_30fps.mp4\" playsinline><\/video><\/figure>\n\n\n\n<div style=\"height:32px\" aria-hidden=\"true\" class=\"wp-block-spacer\"><\/div>\n\n\n\n<h1 class=\"wp-block-heading has-text-align-center\"><strong>Benvinguts a Biholistic!<\/strong><\/h1>\n\n\n\n<div class=\"wp-block-buttons alignfull is-content-justification-center is-layout-flex wp-container-core-buttons-is-layout-a89b3969 wp-block-buttons-is-layout-flex\">\n<div class=\"wp-block-button has-custom-width wp-block-button__width-25\"><a class=\"wp-block-button__link has-text-align-center wp-element-button\" href=\"https:\/\/biholistic.com\/?page_id=486\">Descobreix els nostres serveis<\/a><\/div>\n<\/div>\n\n\n\n<div class=\"wp-block-buttons alignfull has-custom-font-size has-small-font-size is-content-justification-center is-layout-flex wp-container-core-buttons-is-layout-a89b3969 wp-block-buttons-is-layout-flex\">\n<div class=\"wp-block-button has-custom-width wp-block-button__width-25\"><a class=\"wp-block-button__link wp-element-button\" href=\"https:\/\/biholistic.com\/?page_id=245\">Qu\u00e8 \u00e9s Biholistic?<\/a><\/div>\n\n\n\n<div class=\"wp-block-button has-custom-width wp-block-button__width-25\"><a class=\"wp-block-button__link wp-element-button\" href=\"https:\/\/biholistic.com\/?page_id=765\">El nostre equip &#8211; Descobreix qui som<\/a><\/div>\n<\/div>\n\n\n\n<blockquote class=\"wp-block-quote has-ast-global-color-5-background-color has-background is-layout-flow wp-block-quote-is-layout-flow\">\n<div class=\"wp-block-uagb-image uagb-block-479787ff wp-block-uagb-image--layout-default wp-block-uagb-image--effect-static wp-block-uagb-image--align-none\"><figure class=\"wp-block-uagb-image__figure\"><img decoding=\"async\" srcset=\"https:\/\/biholistic.com\/wp-content\/uploads\/2025\/05\/cita.png ,https:\/\/biholistic.com\/wp-content\/uploads\/2025\/05\/cita.png 780w, https:\/\/biholistic.com\/wp-content\/uploads\/2025\/05\/cita.png 360w\" sizes=\"auto, (max-width: 480px) 150px\" src=\"https:\/\/biholistic.com\/wp-content\/uploads\/2025\/05\/cita.png\" alt=\"\" class=\"uag-image-240\" width=\"53\" height=\"53\" title=\"cita\" loading=\"lazy\" role=\"img\"\/><\/figure><\/div>\n\n\n\n<p class=\"has-text-align-center\"><strong>\u201cYo no creo que nadie cure a nadie de nada, como tampoco nadie convence realmente a nadie de nada. Nos curamos y nos convencemos a nosotros mismos. He ah\u00ed el milagro cotidiano. He ah\u00ed la bendici\u00f3n de contar con personas cuya misi\u00f3n de vida consiste en facilitar que recobremos la salud, que no es otra cosa que recuperar nuestra firmeza (enfermedad viene de la palabra latina <em>infirmitas<\/em> &#8211; falta de firmeza) y nuestra integridad.\u201d<\/strong><\/p>\n\n\n\n<p class=\"has-text-align-center\">Dr. Alex G\u00f3mez-Mar\u00edn (pr\u00f3logo en el libro El ABC de la Medicina Energ\u00e9tica del Dr. Manel Ballester Rod\u00e9s)<\/p>\n<\/blockquote>\n\n\n\n<div style=\"height:20px\" aria-hidden=\"true\" class=\"wp-block-spacer\"><\/div>\n\n\n\n<div class=\"wp-block-uagb-container uagb-block-5fcee4f8 alignfull uagb-is-root-container\"><div class=\"uagb-container-inner-blocks-wrap\"><\/div><\/div>\n","protected":false},"excerpt":{"rendered":"<p>Benvinguts a Biholistic!<\/p>\n","protected":false},"author":1,"featured_media":0,"parent":0,"menu_order":0,"comment_status":"closed","ping_status":"closed","template":"","meta":{"_uag_custom_page_level_css":"","site-sidebar-layout":"default","site-content-layout":"","ast-site-content-layout":"","site-content-style":"default","site-sidebar-style":"default","ast-global-header-display":"","ast-banner-title-visibility":"","ast-main-header-display":"","ast-hfb-above-header-display":"","ast-hfb-below-header-display":"","ast-hfb-mobile-header-display":"","site-post-title":"disabled","ast-breadcrumbs-content":"","ast-featured-img":"","footer-sml-layout":"","theme-transparent-header-meta":"","adv-header-id-meta":"","stick-header-meta":"","header-above-stick-meta":"","header-main-stick-meta":"","header-below-stick-meta":"","astra-migrate-meta-layouts":"default","ast-page-background-enabled":"default","ast-page-background-meta":{"desktop":{"background-color":"var(--ast-global-color-5)","background-image":"","background-repeat":"repeat","background-position":"center center","background-size":"auto","background-attachment":"scroll","background-type":"","background-media":"","overlay-type":"","overlay-color":"","overlay-opacity":"","overlay-gradient":""},"tablet":{"background-color":"","background-image":"","background-repeat":"repeat","background-position":"center center","background-size":"auto","background-attachment":"scroll","background-type":"","background-media":"","overlay-type":"","overlay-color":"","overlay-opacity":"","overlay-gradient":""},"mobile":{"background-color":"","background-image":"","background-repeat":"repeat","background-position":"center center","background-size":"auto","background-attachment":"scroll","background-type":"","background-media":"","overlay-type":"","overlay-color":"","overlay-opacity":"","overlay-gradient":""}},"ast-content-background-meta":{"desktop":{"background-color":"var(--ast-global-color-4)","background-image":"","background-repeat":"repeat","background-position":"center center","background-size":"auto","background-attachment":"scroll","background-type":"","background-media":"","overlay-type":"","overlay-color":"","overlay-opacity":"","overlay-gradient":""},"tablet":{"background-color":"var(--ast-global-color-4)","background-image":"","background-repeat":"repeat","background-position":"center center","background-size":"auto","background-attachment":"scroll","background-type":"","background-media":"","overlay-type":"","overlay-color":"","overlay-opacity":"","overlay-gradient":""},"mobile":{"background-color":"var(--ast-global-color-4)","background-image":"","background-repeat":"repeat","background-position":"center center","background-size":"auto","background-attachment":"scroll","background-type":"","background-media":"","overlay-type":"","overlay-color":"","overlay-opacity":"","overlay-gradient":""}},"footnotes":""},"class_list":["post-232","page","type-page","status-publish","hentry"],"yoast_head":"<!-- This site is optimized with the Yoast SEO plugin v25.3.1 - https:\/\/yoast.com\/wordpress\/plugins\/seo\/ -->\n<title>Biholistic - Biholistic<\/title>\n<meta name=\"description\" content=\"Biholistic Biholistic\" \/>\n<meta name=\"robots\" content=\"index, follow, max-snippet:-1, max-image-preview:large, max-video-preview:-1\" \/>\n<link rel=\"canonical\" href=\"https:\/\/biholistic.com\/\" \/>\n<meta property=\"og:locale\" content=\"ca_ES\" \/>\n<meta property=\"og:type\" content=\"article\" \/>\n<meta property=\"og:title\" content=\"Biholistic - Biholistic\" \/>\n<meta property=\"og:description\" content=\"Biholistic Biholistic\" \/>\n<meta property=\"og:url\" content=\"https:\/\/biholistic.com\/\" \/>\n<meta property=\"og:site_name\" content=\"Biholistic\" \/>\n<meta property=\"article:modified_time\" content=\"2025-05-22T09:01:08+00:00\" \/>\n<meta property=\"og:image\" content=\"https:\/\/biholistic.com\/wp-content\/uploads\/2025\/05\/cita.png\" \/>\n<meta name=\"twitter:card\" content=\"summary_large_image\" \/>\n<meta name=\"twitter:label1\" content=\"Temps estimat de lectura\" \/>\n\t<meta name=\"twitter:data1\" content=\"1 minut\" \/>\n<script type=\"application\/ld+json\" class=\"yoast-schema-graph\">{\"@context\":\"https:\/\/schema.org\",\"@graph\":[{\"@type\":\"WebPage\",\"@id\":\"https:\/\/biholistic.com\/\",\"url\":\"https:\/\/biholistic.com\/\",\"name\":\"Biholistic - Biholistic\",\"isPartOf\":{\"@id\":\"https:\/\/biholistic.com\/#website\"},\"primaryImageOfPage\":{\"@id\":\"https:\/\/biholistic.com\/#primaryimage\"},\"image\":{\"@id\":\"https:\/\/biholistic.com\/#primaryimage\"},\"thumbnailUrl\":\"https:\/\/biholistic.com\/wp-content\/uploads\/2025\/05\/cita.png\",\"datePublished\":\"2025-05-08T19:11:16+00:00\",\"dateModified\":\"2025-05-22T09:01:08+00:00\",\"description\":\"Biholistic Biholistic\",\"breadcrumb\":{\"@id\":\"https:\/\/biholistic.com\/#breadcrumb\"},\"inLanguage\":\"ca\",\"potentialAction\":[{\"@type\":\"ReadAction\",\"target\":[\"https:\/\/biholistic.com\/\"]}]},{\"@type\":\"ImageObject\",\"inLanguage\":\"ca\",\"@id\":\"https:\/\/biholistic.com\/#primaryimage\",\"url\":\"https:\/\/biholistic.com\/wp-content\/uploads\/2025\/05\/cita.png\",\"contentUrl\":\"https:\/\/biholistic.com\/wp-content\/uploads\/2025\/05\/cita.png\",\"width\":512,\"height\":512},{\"@type\":\"BreadcrumbList\",\"@id\":\"https:\/\/biholistic.com\/#breadcrumb\",\"itemListElement\":[{\"@type\":\"ListItem\",\"position\":1,\"name\":\"Inici\",\"item\":\"https:\/\/biholistic.com\/\"},{\"@type\":\"ListItem\",\"position\":2,\"name\":\"Biholistic\"}]},{\"@type\":\"WebSite\",\"@id\":\"https:\/\/biholistic.com\/#website\",\"url\":\"https:\/\/biholistic.com\/\",\"name\":\"Biholistic\",\"description\":\"Salut i Consci\u00e8ncia\",\"publisher\":{\"@id\":\"https:\/\/biholistic.com\/#organization\"},\"potentialAction\":[{\"@type\":\"SearchAction\",\"target\":{\"@type\":\"EntryPoint\",\"urlTemplate\":\"https:\/\/biholistic.com\/?s={search_term_string}\"},\"query-input\":{\"@type\":\"PropertyValueSpecification\",\"valueRequired\":true,\"valueName\":\"search_term_string\"}}],\"inLanguage\":\"ca\"},{\"@type\":\"Organization\",\"@id\":\"https:\/\/biholistic.com\/#organization\",\"name\":\"Equip Biholistic\",\"url\":\"https:\/\/biholistic.com\/\",\"logo\":{\"@type\":\"ImageObject\",\"inLanguage\":\"ca\",\"@id\":\"https:\/\/biholistic.com\/#\/schema\/logo\/image\/\",\"url\":\"https:\/\/biholistic.com\/wp-content\/uploads\/2025\/05\/cropped-logo_biholistic-2-scaled-1.jpg\",\"contentUrl\":\"https:\/\/biholistic.com\/wp-content\/uploads\/2025\/05\/cropped-logo_biholistic-2-scaled-1.jpg\",\"width\":512,\"height\":512,\"caption\":\"Equip Biholistic\"},\"image\":{\"@id\":\"https:\/\/biholistic.com\/#\/schema\/logo\/image\/\"},\"sameAs\":[\"https:\/\/www.instagram.com\/biholistic\/\"]}]}<\/script>\n<!-- \/ Yoast SEO plugin. -->","yoast_head_json":{"title":"Biholistic - Biholistic","description":"Biholistic Biholistic","robots":{"index":"index","follow":"follow","max-snippet":"max-snippet:-1","max-image-preview":"max-image-preview:large","max-video-preview":"max-video-preview:-1"},"canonical":"https:\/\/biholistic.com\/","og_locale":"ca_ES","og_type":"article","og_title":"Biholistic - Biholistic","og_description":"Biholistic Biholistic","og_url":"https:\/\/biholistic.com\/","og_site_name":"Biholistic","article_modified_time":"2025-05-22T09:01:08+00:00","og_image":[{"url":"https:\/\/biholistic.com\/wp-content\/uploads\/2025\/05\/cita.png","type":"","width":"","height":""}],"twitter_card":"summary_large_image","twitter_misc":{"Temps estimat de lectura":"1 minut"},"schema":{"@context":"https:\/\/schema.org","@graph":[{"@type":"WebPage","@id":"https:\/\/biholistic.com\/","url":"https:\/\/biholistic.com\/","name":"Biholistic - Biholistic","isPartOf":{"@id":"https:\/\/biholistic.com\/#website"},"primaryImageOfPage":{"@id":"https:\/\/biholistic.com\/#primaryimage"},"image":{"@id":"https:\/\/biholistic.com\/#primaryimage"},"thumbnailUrl":"https:\/\/biholistic.com\/wp-content\/uploads\/2025\/05\/cita.png","datePublished":"2025-05-08T19:11:16+00:00","dateModified":"2025-05-22T09:01:08+00:00","description":"Biholistic Biholistic","breadcrumb":{"@id":"https:\/\/biholistic.com\/#breadcrumb"},"inLanguage":"ca","potentialAction":[{"@type":"ReadAction","target":["https:\/\/biholistic.com\/"]}]},{"@type":"ImageObject","inLanguage":"ca","@id":"https:\/\/biholistic.com\/#primaryimage","url":"https:\/\/biholistic.com\/wp-content\/uploads\/2025\/05\/cita.png","contentUrl":"https:\/\/biholistic.com\/wp-content\/uploads\/2025\/05\/cita.png","width":512,"height":512},{"@type":"BreadcrumbList","@id":"https:\/\/biholistic.com\/#breadcrumb","itemListElement":[{"@type":"ListItem","position":1,"name":"Inici","item":"https:\/\/biholistic.com\/"},{"@type":"ListItem","position":2,"name":"Biholistic"}]},{"@type":"WebSite","@id":"https:\/\/biholistic.com\/#website","url":"https:\/\/biholistic.com\/","name":"Biholistic","description":"Salut i Consci\u00e8ncia","publisher":{"@id":"https:\/\/biholistic.com\/#organization"},"potentialAction":[{"@type":"SearchAction","target":{"@type":"EntryPoint","urlTemplate":"https:\/\/biholistic.com\/?s={search_term_string}"},"query-input":{"@type":"PropertyValueSpecification","valueRequired":true,"valueName":"search_term_string"}}],"inLanguage":"ca"},{"@type":"Organization","@id":"https:\/\/biholistic.com\/#organization","name":"Equip Biholistic","url":"https:\/\/biholistic.com\/","logo":{"@type":"ImageObject","inLanguage":"ca","@id":"https:\/\/biholistic.com\/#\/schema\/logo\/image\/","url":"https:\/\/biholistic.com\/wp-content\/uploads\/2025\/05\/cropped-logo_biholistic-2-scaled-1.jpg","contentUrl":"https:\/\/biholistic.com\/wp-content\/uploads\/2025\/05\/cropped-logo_biholistic-2-scaled-1.jpg","width":512,"height":512,"caption":"Equip Biholistic"},"image":{"@id":"https:\/\/biholistic.com\/#\/schema\/logo\/image\/"},"sameAs":["https:\/\/www.instagram.com\/biholistic\/"]}]}},"uagb_featured_image_src":{"full":false,"thumbnail":false,"medium":false,"medium_large":false,"large":false,"1536x1536":false,"2048x2048":false},"uagb_author_info":{"display_name":"biholistic.com","author_link":"https:\/\/biholistic.com\/?author=1"},"uagb_comment_info":0,"uagb_excerpt":"Benvinguts a Biholistic!","_links":{"self":[{"href":"https:\/\/biholistic.com\/index.php?rest_route=\/wp\/v2\/pages\/232","targetHints":{"allow":["GET"]}}],"collection":[{"href":"https:\/\/biholistic.com\/index.php?rest_route=\/wp\/v2\/pages"}],"about":[{"href":"https:\/\/biholistic.com\/index.php?rest_route=\/wp\/v2\/types\/page"}],"author":[{"embeddable":true,"href":"https:\/\/biholistic.com\/index.php?rest_route=\/wp\/v2\/users\/1"}],"replies":[{"embeddable":true,"href":"https:\/\/biholistic.com\/index.php?rest_route=%2Fwp%2Fv2%2Fcomments&post=232"}],"version-history":[{"count":77,"href":"https:\/\/biholistic.com\/index.php?rest_route=\/wp\/v2\/pages\/232\/revisions"}],"predecessor-version":[{"id":773,"href":"https:\/\/biholistic.com\/index.php?rest_route=\/wp\/v2\/pages\/232\/revisions\/773"}],"wp:attachment":[{"href":"https:\/\/biholistic.com\/index.php?rest_route=%2Fwp%2Fv2%2Fmedia&parent=232"}],"curies":[{"name":"wp","href":"https:\/\/api.w.org\/{rel}","templated":true}]}}